{"id":2356,"date":"2023-09-08T14:10:49","date_gmt":"2023-09-08T12:10:49","guid":{"rendered":"https:\/\/excellop.com\/excellop1\/?page_id=2356"},"modified":"2023-09-08T14:16:37","modified_gmt":"2023-09-08T12:16:37","slug":"blog-2","status":"publish","type":"page","link":"https:\/\/excellop.com\/excellop1\/?page_id=2356","title":{"rendered":"BLOG#"},"content":{"rendered":"\t\t<div data-elementor-type=\"wp-post\" data-elementor-id=\"2356\" class=\"elementor elementor-2356\">\n\t\t\t\t\t\t\t\t\t<section class=\"elementor-section elementor-top-section elementor-element elementor-element-75db32e elementor-section-height-min-height elementor-section-content-middle elementor-section-boxed elementor-section-height-default elementor-section-items-middle\" data-id=\"75db32e\" data-element_type=\"section\" data-settings=\"{&quot;background_background&quot;:&quot;classic&quot;}\">\n\t\t\t\t\t\t\t<div class=\"elementor-background-overlay\"><\/div>\n\t\t\t\t\t\t\t<div class=\"elementor-container elementor-column-gap-default\">\n\t\t\t\t\t<div class=\"elementor-column elementor-col-100 elementor-top-column elementor-element elementor-element-159c223\" data-id=\"159c223\" data-element_type=\"column\">\n\t\t\t<div class=\"elementor-widget-wrap elementor-element-populated\">\n\t\t\t\t\t\t\t\t<section class=\"elementor-section elementor-inner-section elementor-element elementor-element-56d4646 elementor-section-boxed elementor-section-height-default elementor-section-height-default\" data-id=\"56d4646\" data-element_type=\"section\">\n\t\t\t\t\t\t<div class=\"elementor-container elementor-column-gap-default\">\n\t\t\t\t\t<div class=\"elementor-column elementor-col-50 elementor-inner-column elementor-element elementor-element-0d91649\" data-id=\"0d91649\" data-element_type=\"column\">\n\t\t\t<div class=\"elementor-widget-wrap elementor-element-populated\">\n\t\t\t\t\t\t\t\t\t<\/div>\n\t\t<\/div>\n\t\t\t\t<div class=\"elementor-column elementor-col-50 elementor-inner-column elementor-element elementor-element-72f4243\" data-id=\"72f4243\" data-element_type=\"column\">\n\t\t\t<div class=\"elementor-widget-wrap\">\n\t\t\t\t\t\t\t\t\t<\/div>\n\t\t<\/div>\n\t\t\t\t\t\t\t<\/div>\n\t\t<\/section>\n\t\t\t\t\t<\/div>\n\t\t<\/div>\n\t\t\t\t\t\t\t<\/div>\n\t\t<\/section>\n\t\t\t\t<section class=\"elementor-section elementor-top-section elementor-element elementor-element-be9e820 elementor-section-boxed elementor-section-height-default elementor-section-height-default\" data-id=\"be9e820\" data-element_type=\"section\">\n\t\t\t\t\t\t<div class=\"elementor-container elementor-column-gap-default\">\n\t\t\t\t\t<div class=\"elementor-column elementor-col-100 elementor-top-column elementor-element elementor-element-db862e2\" data-id=\"db862e2\" data-element_type=\"column\">\n\t\t\t<div class=\"elementor-widget-wrap elementor-element-populated\">\n\t\t\t\t\t\t\t\t<div class=\"elementor-element elementor-element-bfa091b elementor-widget elementor-widget-text-editor\" data-id=\"bfa091b\" data-element_type=\"widget\" data-widget_type=\"text-editor.default\">\n\t\t\t\t<div class=\"elementor-widget-container\">\n\t\t\t<style>\/*! elementor - v3.15.0 - 20-08-2023 *\/\n.elementor-widget-text-editor.elementor-drop-cap-view-stacked .elementor-drop-cap{background-color:#69727d;color:#fff}.elementor-widget-text-editor.elementor-drop-cap-view-framed .elementor-drop-cap{color:#69727d;border:3px solid;background-color:transparent}.elementor-widget-text-editor:not(.elementor-drop-cap-view-default) .elementor-drop-cap{margin-top:8px}.elementor-widget-text-editor:not(.elementor-drop-cap-view-default) .elementor-drop-cap-letter{width:1em;height:1em}.elementor-widget-text-editor .elementor-drop-cap{float:left;text-align:center;line-height:1;font-size:50px}.elementor-widget-text-editor .elementor-drop-cap-letter{display:inline-block}<\/style>\t\t\t\t<p><img loading=\"lazy\" decoding=\"async\" class=\"alignnone size-medium wp-image-2068\" src=\"http:\/\/excellop.com\/excellop1\/wp-content\/uploads\/2023\/09\/ATUGE-300x63.jpg\" alt=\"\" width=\"300\" height=\"63\" srcset=\"https:\/\/excellop.com\/excellop1\/wp-content\/uploads\/2023\/09\/ATUGE-300x63.jpg 300w, https:\/\/excellop.com\/excellop1\/wp-content\/uploads\/2023\/09\/ATUGE-1024x216.jpg 1024w, https:\/\/excellop.com\/excellop1\/wp-content\/uploads\/2023\/09\/ATUGE-768x162.jpg 768w, https:\/\/excellop.com\/excellop1\/wp-content\/uploads\/2023\/09\/ATUGE.jpg 1492w\" sizes=\"auto, (max-width: 300px) 100vw, 300px\" \/><\/p><p style=\"text-align: left;\"><strong>Diaspora Summer Networking 2023:Une premi\u00e8re \u00e9dition pleinement r\u00e9ussie. &#8211; <\/strong>Tunis, 01 Ao\u00fbt 2023 \u2013<\/p><p>Naissance d\u2019une alliance des Associations de talents de la DiasporaLancement du \u201cTunisia Global Forum\u201d,un \u00e9v\u00e9nement business international de grande ampleur pour booster la visibilit\u00e9 et l\u2019attractivit\u00e9 de la Tunisie\u2026<span style=\"color: #339966;\"><em><strong><a style=\"color: #339966;\" href=\"https:\/\/excellop.com\/excellop1\/?p=18\">Lire la suite<\/a><\/strong><\/em><\/span><\/p>\t\t\t\t\t\t<\/div>\n\t\t\t\t<\/div>\n\t\t\t\t<div class=\"elementor-element elementor-element-fb946b3 elementor-widget-divider--view-line elementor-widget elementor-widget-divider\" data-id=\"fb946b3\" data-element_type=\"widget\" data-widget_type=\"divider.default\">\n\t\t\t\t<div class=\"elementor-widget-container\">\n\t\t\t<style>\/*! elementor - v3.15.0 - 20-08-2023 *\/\n.elementor-widget-divider{--divider-border-style:none;--divider-border-width:1px;--divider-color:#0c0d0e;--divider-icon-size:20px;--divider-element-spacing:10px;--divider-pattern-height:24px;--divider-pattern-size:20px;--divider-pattern-url:none;--divider-pattern-repeat:repeat-x}.elementor-widget-divider .elementor-divider{display:flex}.elementor-widget-divider .elementor-divider__text{font-size:15px;line-height:1;max-width:95%}.elementor-widget-divider .elementor-divider__element{margin:0 var(--divider-element-spacing);flex-shrink:0}.elementor-widget-divider .elementor-icon{font-size:var(--divider-icon-size)}.elementor-widget-divider .elementor-divider-separator{display:flex;margin:0;direction:ltr}.elementor-widget-divider--view-line_icon .elementor-divider-separator,.elementor-widget-divider--view-line_text .elementor-divider-separator{align-items:center}.elementor-widget-divider--view-line_icon .elementor-divider-separator:after,.elementor-widget-divider--view-line_icon .elementor-divider-separator:before,.elementor-widget-divider--view-line_text .elementor-divider-separator:after,.elementor-widget-divider--view-line_text .elementor-divider-separator:before{display:block;content:\"\";border-bottom:0;flex-grow:1;border-top:var(--divider-border-width) var(--divider-border-style) var(--divider-color)}.elementor-widget-divider--element-align-left .elementor-divider .elementor-divider-separator>.elementor-divider__svg:first-of-type{flex-grow:0;flex-shrink:100}.elementor-widget-divider--element-align-left .elementor-divider-separator:before{content:none}.elementor-widget-divider--element-align-left .elementor-divider__element{margin-left:0}.elementor-widget-divider--element-align-right .elementor-divider .elementor-divider-separator>.elementor-divider__svg:last-of-type{flex-grow:0;flex-shrink:100}.elementor-widget-divider--element-align-right .elementor-divider-separator:after{content:none}.elementor-widget-divider--element-align-right .elementor-divider__element{margin-right:0}.elementor-widget-divider:not(.elementor-widget-divider--view-line_text):not(.elementor-widget-divider--view-line_icon) .elementor-divider-separator{border-top:var(--divider-border-width) var(--divider-border-style) var(--divider-color)}.elementor-widget-divider--separator-type-pattern{--divider-border-style:none}.elementor-widget-divider--separator-type-pattern.elementor-widget-divider--view-line .elementor-divider-separator,.elementor-widget-divider--separator-type-pattern:not(.elementor-widget-divider--view-line) .elementor-divider-separator:after,.elementor-widget-divider--separator-type-pattern:not(.elementor-widget-divider--view-line) .elementor-divider-separator:before,.elementor-widget-divider--separator-type-pattern:not([class*=elementor-widget-divider--view]) .elementor-divider-separator{width:100%;min-height:var(--divider-pattern-height);-webkit-mask-size:var(--divider-pattern-size) 100%;mask-size:var(--divider-pattern-size) 100%;-webkit-mask-repeat:var(--divider-pattern-repeat);mask-repeat:var(--divider-pattern-repeat);background-color:var(--divider-color);-webkit-mask-image:var(--divider-pattern-url);mask-image:var(--divider-pattern-url)}.elementor-widget-divider--no-spacing{--divider-pattern-size:auto}.elementor-widget-divider--bg-round{--divider-pattern-repeat:round}.rtl .elementor-widget-divider .elementor-divider__text{direction:rtl}.e-con-inner>.elementor-widget-divider,.e-con>.elementor-widget-divider{width:var(--container-widget-width,100%);--flex-grow:var(--container-widget-flex-grow)}<\/style>\t\t<div class=\"elementor-divider\">\n\t\t\t<span class=\"elementor-divider-separator\">\n\t\t\t\t\t\t<\/span>\n\t\t<\/div>\n\t\t\t\t<\/div>\n\t\t\t\t<\/div>\n\t\t\t\t\t<\/div>\n\t\t<\/div>\n\t\t\t\t\t\t\t<\/div>\n\t\t<\/section>\n\t\t\t\t<section class=\"elementor-section elementor-top-section elementor-element elementor-element-f4d2267 elementor-section-boxed elementor-section-height-default elementor-section-height-default\" data-id=\"f4d2267\" data-element_type=\"section\">\n\t\t\t\t\t\t<div class=\"elementor-container elementor-column-gap-default\">\n\t\t\t\t\t<div class=\"elementor-column elementor-col-100 elementor-top-column elementor-element elementor-element-90328a0\" data-id=\"90328a0\" data-element_type=\"column\">\n\t\t\t<div class=\"elementor-widget-wrap elementor-element-populated\">\n\t\t\t\t\t\t\t\t<div class=\"elementor-element elementor-element-9bb8f5f elementor-widget elementor-widget-spacer\" data-id=\"9bb8f5f\" data-element_type=\"widget\" data-widget_type=\"spacer.default\">\n\t\t\t\t<div class=\"elementor-widget-container\">\n\t\t\t<style>\/*! elementor - v3.15.0 - 20-08-2023 *\/\n.elementor-column .elementor-spacer-inner{height:var(--spacer-size)}.e-con{--container-widget-width:100%}.e-con-inner>.elementor-widget-spacer,.e-con>.elementor-widget-spacer{width:var(--container-widget-width,var(--spacer-size));--align-self:var(--container-widget-align-self,initial);--flex-shrink:0}.e-con-inner>.elementor-widget-spacer>.elementor-widget-container,.e-con-inner>.elementor-widget-spacer>.elementor-widget-container>.elementor-spacer,.e-con>.elementor-widget-spacer>.elementor-widget-container,.e-con>.elementor-widget-spacer>.elementor-widget-container>.elementor-spacer{height:100%}.e-con-inner>.elementor-widget-spacer>.elementor-widget-container>.elementor-spacer>.elementor-spacer-inner,.e-con>.elementor-widget-spacer>.elementor-widget-container>.elementor-spacer>.elementor-spacer-inner{height:var(--container-widget-height,var(--spacer-size))}<\/style>\t\t<div class=\"elementor-spacer\">\n\t\t\t<div class=\"elementor-spacer-inner\"><\/div>\n\t\t<\/div>\n\t\t\t\t<\/div>\n\t\t\t\t<\/div>\n\t\t\t\t<div class=\"elementor-element elementor-element-02a6241 elementor-widget elementor-widget-text-editor\" data-id=\"02a6241\" data-element_type=\"widget\" data-widget_type=\"text-editor.default\">\n\t\t\t\t<div class=\"elementor-widget-container\">\n\t\t\t\t\t\t\t<p><img loading=\"lazy\" decoding=\"async\" class=\"wp-image-1552 alignleft\" src=\"http:\/\/excellop.com\/excellop1\/wp-content\/uploads\/2023\/09\/digitalBPM-300x121.png\" alt=\"\" width=\"357\" height=\"144\" \/><\/p><p style=\"text-align: left;\"><strong>EXCELLOP LANCE SON ACTIVIT<span class=\"spellverupdated\">\u00c9<\/span> \u00ab\u00a0DIGITAL BUSINESS PROCESS MANAGEMENT\u00a0\u00bb &#8211; <\/strong>Tunis, 05 f\u00e9vrier 2023 \u2013<\/p><p>Il existe de nombreuses raisons pour lesquelles il est n\u00e9cessaire de d\u00e9ployer des processus de gestion num\u00e9rique des entreprises. Par conviction Excellop a lanc\u00e9 en f\u00e9vrier 2023 son d\u00e9partement DIGITAL BPM afin d&rsquo;accompagner ses clients dans l&rsquo;engineering de leurs workflows &#8230;. <span style=\"color: #339966;\"><em><strong><a style=\"color: #339966;\" href=\"https:\/\/excellop.com\/excellop1\/?p=15\">Lire la suite<\/a><\/strong><\/em><\/span><\/p>\t\t\t\t\t\t<\/div>\n\t\t\t\t<\/div>\n\t\t\t\t\t<\/div>\n\t\t<\/div>\n\t\t\t\t\t\t\t<\/div>\n\t\t<\/section>\n\t\t\t\t\t\t\t<\/div>\n\t\t","protected":false},"excerpt":{"rendered":"<p>Diaspora Summer Networking 2023:Une premi\u00e8re \u00e9dition pleinement r\u00e9ussie. &#8211; Tunis, 01 Ao\u00fbt 2023 \u2013 Naissance d\u2019une alliance des Associations de talents de la DiasporaLancement du \u201cTunisia Global Forum\u201d,un \u00e9v\u00e9nement business international de grande ampleur pour booster la visibilit\u00e9 et l\u2019attractivit\u00e9 de la Tunisie\u2026Lire la suite EXCELLOP LANCE SON ACTIVIT\u00c9 \u00ab\u00a0DIGITAL BUSINESS PROCESS MANAGEMENT\u00a0\u00bb &#8211; Tunis, [&hellip;]<\/p>\n","protected":false},"author":1,"featured_media":0,"parent":0,"menu_order":0,"comment_status":"closed","ping_status":"closed","template":"elementor_header_footer","meta":{"footnotes":""},"class_list":["post-2356","page","type-page","status-publish","hentry","entry"],"yoast_head":"<!-- This site is optimized with the Yoast SEO plugin v26.4 - https:\/\/yoast.com\/wordpress\/plugins\/seo\/ -->\n<title>BLOG# | Excellop : Change Management Process<\/title>\n<meta name=\"robots\" content=\"index, follow, max-snippet:-1, max-image-preview:large, max-video-preview:-1\" \/>\n<link rel=\"canonical\" href=\"https:\/\/excellop.com\/excellop1\/?page_id=2356\" \/>\n<meta property=\"og:locale\" content=\"fr_FR\" \/>\n<meta property=\"og:type\" content=\"article\" \/>\n<meta property=\"og:title\" content=\"BLOG# | Excellop : Change Management Process\" \/>\n<meta property=\"og:description\" content=\"Diaspora Summer Networking 2023:Une premi\u00e8re \u00e9dition pleinement r\u00e9ussie. &#8211; Tunis, 01 Ao\u00fbt 2023 \u2013 Naissance d\u2019une alliance des Associations de talents de la DiasporaLancement du \u201cTunisia Global Forum\u201d,un \u00e9v\u00e9nement business international de grande ampleur pour booster la visibilit\u00e9 et l\u2019attractivit\u00e9 de la Tunisie\u2026Lire la suite EXCELLOP LANCE SON ACTIVIT\u00c9 \u00ab\u00a0DIGITAL BUSINESS PROCESS MANAGEMENT\u00a0\u00bb &#8211; Tunis, [&hellip;]\" \/>\n<meta property=\"og:url\" content=\"https:\/\/excellop.com\/excellop1\/?page_id=2356\" \/>\n<meta property=\"og:site_name\" content=\"Excellop : Change Management Process\" \/>\n<meta property=\"article:modified_time\" content=\"2023-09-08T12:16:37+00:00\" \/>\n<meta property=\"og:image\" content=\"http:\/\/excellop.com\/excellop1\/wp-content\/uploads\/2023\/09\/ATUGE-300x63.jpg\" \/>\n<meta name=\"twitter:card\" content=\"summary_large_image\" \/>\n<meta name=\"twitter:label1\" content=\"Dur\u00e9e de lecture estim\u00e9e\" \/>\n\t<meta name=\"twitter:data1\" content=\"1 minute\" \/>\n<script type=\"application\/ld+json\" class=\"yoast-schema-graph\">{\"@context\":\"https:\/\/schema.org\",\"@graph\":[{\"@type\":\"WebPage\",\"@id\":\"https:\/\/excellop.com\/excellop1\/?page_id=2356\",\"url\":\"https:\/\/excellop.com\/excellop1\/?page_id=2356\",\"name\":\"BLOG# | Excellop : Change Management Process\",\"isPartOf\":{\"@id\":\"https:\/\/excellop.com\/excellop1\/#website\"},\"primaryImageOfPage\":{\"@id\":\"https:\/\/excellop.com\/excellop1\/?page_id=2356#primaryimage\"},\"image\":{\"@id\":\"https:\/\/excellop.com\/excellop1\/?page_id=2356#primaryimage\"},\"thumbnailUrl\":\"http:\/\/excellop.com\/excellop1\/wp-content\/uploads\/2023\/09\/ATUGE-300x63.jpg\",\"datePublished\":\"2023-09-08T12:10:49+00:00\",\"dateModified\":\"2023-09-08T12:16:37+00:00\",\"breadcrumb\":{\"@id\":\"https:\/\/excellop.com\/excellop1\/?page_id=2356#breadcrumb\"},\"inLanguage\":\"fr-FR\",\"potentialAction\":[{\"@type\":\"ReadAction\",\"target\":[\"https:\/\/excellop.com\/excellop1\/?page_id=2356\"]}]},{\"@type\":\"ImageObject\",\"inLanguage\":\"fr-FR\",\"@id\":\"https:\/\/excellop.com\/excellop1\/?page_id=2356#primaryimage\",\"url\":\"http:\/\/excellop.com\/excellop1\/wp-content\/uploads\/2023\/09\/ATUGE-300x63.jpg\",\"contentUrl\":\"http:\/\/excellop.com\/excellop1\/wp-content\/uploads\/2023\/09\/ATUGE-300x63.jpg\"},{\"@type\":\"BreadcrumbList\",\"@id\":\"https:\/\/excellop.com\/excellop1\/?page_id=2356#breadcrumb\",\"itemListElement\":[{\"@type\":\"ListItem\",\"position\":1,\"name\":\"Accueil\",\"item\":\"https:\/\/excellop.com\/excellop1\/\"},{\"@type\":\"ListItem\",\"position\":2,\"name\":\"BLOG#\"}]},{\"@type\":\"WebSite\",\"@id\":\"https:\/\/excellop.com\/excellop1\/#website\",\"url\":\"https:\/\/excellop.com\/excellop1\/\",\"name\":\"Excellop : Change Management Process - Conduite du Changement - Consulting\",\"description\":\"Conseil en organisation et management-Tunisie\",\"publisher\":{\"@id\":\"https:\/\/excellop.com\/excellop1\/#organization\"},\"alternateName\":\"Excellop Consuting Tunisie\",\"potentialAction\":[{\"@type\":\"SearchAction\",\"target\":{\"@type\":\"EntryPoint\",\"urlTemplate\":\"https:\/\/excellop.com\/excellop1\/?s={search_term_string}\"},\"query-input\":{\"@type\":\"PropertyValueSpecification\",\"valueRequired\":true,\"valueName\":\"search_term_string\"}}],\"inLanguage\":\"fr-FR\"},{\"@type\":\"Organization\",\"@id\":\"https:\/\/excellop.com\/excellop1\/#organization\",\"name\":\"Excellop : Change Management Process - Conduite du Changement - Consulting\",\"alternateName\":\"Excellop Consulting Tunisie\",\"url\":\"https:\/\/excellop.com\/excellop1\/\",\"logo\":{\"@type\":\"ImageObject\",\"inLanguage\":\"fr-FR\",\"@id\":\"https:\/\/excellop.com\/excellop1\/#\/schema\/logo\/image\/\",\"url\":\"https:\/\/excellop.com\/excellop1\/wp-content\/uploads\/2023\/09\/Excellop_consulting__carre-SBG.png\",\"contentUrl\":\"https:\/\/excellop.com\/excellop1\/wp-content\/uploads\/2023\/09\/Excellop_consulting__carre-SBG.png\",\"width\":344,\"height\":344,\"caption\":\"Excellop : Change Management Process - Conduite du Changement - Consulting\"},\"image\":{\"@id\":\"https:\/\/excellop.com\/excellop1\/#\/schema\/logo\/image\/\"}}]}<\/script>\n<!-- \/ Yoast SEO plugin. -->","yoast_head_json":{"title":"BLOG# | Excellop : Change Management Process","robots":{"index":"index","follow":"follow","max-snippet":"max-snippet:-1","max-image-preview":"max-image-preview:large","max-video-preview":"max-video-preview:-1"},"canonical":"https:\/\/excellop.com\/excellop1\/?page_id=2356","og_locale":"fr_FR","og_type":"article","og_title":"BLOG# | Excellop : Change Management Process","og_description":"Diaspora Summer Networking 2023:Une premi\u00e8re \u00e9dition pleinement r\u00e9ussie. &#8211; Tunis, 01 Ao\u00fbt 2023 \u2013 Naissance d\u2019une alliance des Associations de talents de la DiasporaLancement du \u201cTunisia Global Forum\u201d,un \u00e9v\u00e9nement business international de grande ampleur pour booster la visibilit\u00e9 et l\u2019attractivit\u00e9 de la Tunisie\u2026Lire la suite EXCELLOP LANCE SON ACTIVIT\u00c9 \u00ab\u00a0DIGITAL BUSINESS PROCESS MANAGEMENT\u00a0\u00bb &#8211; Tunis, [&hellip;]","og_url":"https:\/\/excellop.com\/excellop1\/?page_id=2356","og_site_name":"Excellop : Change Management Process","article_modified_time":"2023-09-08T12:16:37+00:00","og_image":[{"url":"http:\/\/excellop.com\/excellop1\/wp-content\/uploads\/2023\/09\/ATUGE-300x63.jpg","type":"","width":"","height":""}],"twitter_card":"summary_large_image","twitter_misc":{"Dur\u00e9e de lecture estim\u00e9e":"1 minute"},"schema":{"@context":"https:\/\/schema.org","@graph":[{"@type":"WebPage","@id":"https:\/\/excellop.com\/excellop1\/?page_id=2356","url":"https:\/\/excellop.com\/excellop1\/?page_id=2356","name":"BLOG# | Excellop : Change Management Process","isPartOf":{"@id":"https:\/\/excellop.com\/excellop1\/#website"},"primaryImageOfPage":{"@id":"https:\/\/excellop.com\/excellop1\/?page_id=2356#primaryimage"},"image":{"@id":"https:\/\/excellop.com\/excellop1\/?page_id=2356#primaryimage"},"thumbnailUrl":"http:\/\/excellop.com\/excellop1\/wp-content\/uploads\/2023\/09\/ATUGE-300x63.jpg","datePublished":"2023-09-08T12:10:49+00:00","dateModified":"2023-09-08T12:16:37+00:00","breadcrumb":{"@id":"https:\/\/excellop.com\/excellop1\/?page_id=2356#breadcrumb"},"inLanguage":"fr-FR","potentialAction":[{"@type":"ReadAction","target":["https:\/\/excellop.com\/excellop1\/?page_id=2356"]}]},{"@type":"ImageObject","inLanguage":"fr-FR","@id":"https:\/\/excellop.com\/excellop1\/?page_id=2356#primaryimage","url":"http:\/\/excellop.com\/excellop1\/wp-content\/uploads\/2023\/09\/ATUGE-300x63.jpg","contentUrl":"http:\/\/excellop.com\/excellop1\/wp-content\/uploads\/2023\/09\/ATUGE-300x63.jpg"},{"@type":"BreadcrumbList","@id":"https:\/\/excellop.com\/excellop1\/?page_id=2356#breadcrumb","itemListElement":[{"@type":"ListItem","position":1,"name":"Accueil","item":"https:\/\/excellop.com\/excellop1\/"},{"@type":"ListItem","position":2,"name":"BLOG#"}]},{"@type":"WebSite","@id":"https:\/\/excellop.com\/excellop1\/#website","url":"https:\/\/excellop.com\/excellop1\/","name":"Excellop : Change Management Process - Conduite du Changement - Consulting","description":"Conseil en organisation et management-Tunisie","publisher":{"@id":"https:\/\/excellop.com\/excellop1\/#organization"},"alternateName":"Excellop Consuting Tunisie","potentialAction":[{"@type":"SearchAction","target":{"@type":"EntryPoint","urlTemplate":"https:\/\/excellop.com\/excellop1\/?s={search_term_string}"},"query-input":{"@type":"PropertyValueSpecification","valueRequired":true,"valueName":"search_term_string"}}],"inLanguage":"fr-FR"},{"@type":"Organization","@id":"https:\/\/excellop.com\/excellop1\/#organization","name":"Excellop : Change Management Process - Conduite du Changement - Consulting","alternateName":"Excellop Consulting Tunisie","url":"https:\/\/excellop.com\/excellop1\/","logo":{"@type":"ImageObject","inLanguage":"fr-FR","@id":"https:\/\/excellop.com\/excellop1\/#\/schema\/logo\/image\/","url":"https:\/\/excellop.com\/excellop1\/wp-content\/uploads\/2023\/09\/Excellop_consulting__carre-SBG.png","contentUrl":"https:\/\/excellop.com\/excellop1\/wp-content\/uploads\/2023\/09\/Excellop_consulting__carre-SBG.png","width":344,"height":344,"caption":"Excellop : Change Management Process - Conduite du Changement - Consulting"},"image":{"@id":"https:\/\/excellop.com\/excellop1\/#\/schema\/logo\/image\/"}}]}},"_links":{"self":[{"href":"https:\/\/excellop.com\/excellop1\/index.php?rest_route=\/wp\/v2\/pages\/2356","targetHints":{"allow":["GET"]}}],"collection":[{"href":"https:\/\/excellop.com\/excellop1\/index.php?rest_route=\/wp\/v2\/pages"}],"about":[{"href":"https:\/\/excellop.com\/excellop1\/index.php?rest_route=\/wp\/v2\/types\/page"}],"author":[{"embeddable":true,"href":"https:\/\/excellop.com\/excellop1\/index.php?rest_route=\/wp\/v2\/users\/1"}],"replies":[{"embeddable":true,"href":"https:\/\/excellop.com\/excellop1\/index.php?rest_route=%2Fwp%2Fv2%2Fcomments&post=2356"}],"version-history":[{"count":10,"href":"https:\/\/excellop.com\/excellop1\/index.php?rest_route=\/wp\/v2\/pages\/2356\/revisions"}],"predecessor-version":[{"id":2366,"href":"https:\/\/excellop.com\/excellop1\/index.php?rest_route=\/wp\/v2\/pages\/2356\/revisions\/2366"}],"wp:attachment":[{"href":"https:\/\/excellop.com\/excellop1\/index.php?rest_route=%2Fwp%2Fv2%2Fmedia&parent=2356"}],"curies":[{"name":"wp","href":"https:\/\/api.w.org\/{rel}","templated":true}]}}